{"id":1528,"date":"2021-08-11T11:08:28","date_gmt":"2021-08-11T09:08:28","guid":{"rendered":"https:\/\/dev.iseacalma.com\/contact\/"},"modified":"2022-09-06T11:49:36","modified_gmt":"2022-09-06T09:49:36","slug":"contact","status":"publish","type":"page","link":"https:\/\/iseacalma.com\/fr\/contact\/","title":{"rendered":"Contact"},"content":{"rendered":"<section class=\"section swatch-black bloquepagina cab alto-total section-text-no-shadow section-inner-no-shadow section-normal section-opaque\" id=\"contacto-intro\"  data-label=\"\">\n            <div class=\"background-media\" style=\"background-image: url('https:\/\/iseacalma.com\/wp-content\/uploads\/2021\/06\/bg-cab-contacto.jpg'); background-repeat:no-repeat; background-size:cover; background-attachment:no-scroll; background-position: 50% 0%;\" >\n                    <\/div>\n    \n    <div class=\"background-overlay grid-overlay-0 \" style=\"background-color: rgba(0,0,0,0);\"><\/div>\n\n    <div class=\"container\">\n        <div class=\"row vertical-middle\">\n            <div class=\"col-md-6    alto-total text-default small-screen-default\"  ><\/div><div class=\"col-md-6    alto-total text-default small-screen-default\"  ><div class=\"divider-wrapper\" style=\"visibility:hidden;background-color:\">\n    <div class=\"visible-xs\" style=\"height:100px;\"><\/div>\n    <div class=\"visible-sm\" style=\"height:100px;\"><\/div>\n    <div class=\"visible-md\" style=\"height:0px;\"><\/div>\n    <div class=\"visible-lg\" style=\"height:0px;\"><\/div>\n<\/div><div class=\"destacado-xl element-no-top element-short-bottom\" data-os-animation=\"none\" data-os-animation-delay=\"0s\">\n    <p>R\u00e9veillez-vous avec un ciel bleu clair et une mer rafra\u00eechissante \u00e0 vos pieds.<\/p>\n<\/div><div class=\"divider-wrapper\" style=\"visibility:hidden;background-color:\">\n    <div class=\"visible-xs\" style=\"height:0px;\"><\/div>\n    <div class=\"visible-sm\" style=\"height:0px;\"><\/div>\n    <div class=\"visible-md\" style=\"height:48px;\"><\/div>\n    <div class=\"visible-lg\" style=\"height:48px;\"><\/div>\n<\/div><div class=\"grande element-no-top element-short-bottom\" data-os-animation=\"none\" data-os-animation-delay=\"0s\">\n    <p class=\"p1\">Appelez-nous d\u00e8s maintenant et nous vous informerons sans engagement de cette promotion exclusive<\/p>\n<\/div><div class=\"telefono-grande element-short-top element-medium-bottom\" data-os-animation=\"none\" data-os-animation-delay=\"0s\">\n    <p>+34 667 581 065<\/p>\n<\/div><div class=\"boton-cabecera-pagina element-short-top element-short-bottom\" data-os-animation=\"none\" data-os-animation-delay=\"0s\">\n    <p><a href=\"#contacto\">Plus d&rsquo;informations<\/a><\/p>\n<\/div><div class=\"divider-wrapper\" style=\"visibility:hidden;background-color:\">\n    <div class=\"visible-xs\" style=\"height:48px;\"><\/div>\n    <div class=\"visible-sm\" style=\"height:48px;\"><\/div>\n    <div class=\"visible-md\" style=\"height:24px;\"><\/div>\n    <div class=\"visible-lg\" style=\"height:24px;\"><\/div>\n<\/div><\/div>        <\/div>\n    <\/div>\n<\/section>\n<section class=\"section swatch-white bloquepagina alto-total section-text-no-shadow section-inner-no-shadow section-fullheight section-opaque\" id=\"contacto\"  data-label=\"\">\n    \n    <div class=\"background-overlay grid-overlay-0 \" style=\"background-color: rgba(159,212,212,1);\"><\/div>\n\n    <div class=\"container\">\n        <div class=\"row vertical-middle\">\n            <div class=\"col-md-5    alto-total text-default small-screen-default\"  ><div class=\"titulo-linea-negro element-short-top element-short-bottom\" data-os-animation=\"none\" data-os-animation-delay=\"0s\">\n    <p>Contact<\/p>\n<\/div><header class=\"text-left  element-short-top element-short-bottom not-condensed\" data-os-animation=\"none\" data-os-animation-delay=\"0s\" >\n    <h2 class=\"normal regular no-bordered-header bordered-normal\" >\n        Envoyez-nous un message    <\/h2>\n    <\/header>\n<div class=\"rellena-este-formulario element-short-top element-short-bottom\" data-os-animation=\"none\" data-os-animation-delay=\"0s\">\n    <p>et nous vous contacterons par les moyens indiqu\u00e9s.<\/p>\n<\/div><div class=\"figure hidden element-short-top element-short-bottom image-filter-none image-filter-onhover fade-in text-center figcaption-middle normalwidth\" data-os-animation=\"none\" data-os-animation-delay=\"0s\">\n            <span class=\"figure-image\">\n    \n    <img decoding=\"async\" src=\"https:\/\/iseacalma.com\/wp-content\/uploads\/2021\/05\/ico-isea-calma-negro.png\"   class=\"normalwidth\" \/>    \n            <\/span>\n    \n<\/div><div class=\"divider-wrapper\" style=\"visibility:hidden;background-color:\">\n    <div class=\"visible-xs\" style=\"height:24px;\"><\/div>\n    <div class=\"visible-sm\" style=\"height:24px;\"><\/div>\n    <div class=\"visible-md\" style=\"height:300px;\"><\/div>\n    <div class=\"visible-lg\" style=\"height:300px;\"><\/div>\n<\/div><\/div><div class=\"col-md-1     text-default small-screen-default\"  ><\/div><div class=\"col-md-6    alto-total text-default small-screen-default\"  >\n<div class=\"wpcf7 no-js\" id=\"wpcf7-f1477-o1\" lang=\"fr-FR\" dir=\"ltr\" data-wpcf7-id=\"1477\">\n<div class=\"screen-reader-response\"><p role=\"status\" aria-live=\"polite\" aria-atomic=\"true\"><\/p> <ul><\/ul><\/div>\n<form action=\"\/fr\/wp-json\/wp\/v2\/pages\/1528#wpcf7-f1477-o1\" method=\"post\" class=\"wpcf7-form init 9b508d6d0829 cmatic-conn cmatic-aud-1 cmatic-mapd0-0 cmatic-v0974 cmatic-sent-0 cmatic-total-30 wpcf7-acceptance-as-validation\" aria-label=\"Formulaire de contact\" novalidate=\"novalidate\" data-status=\"init\">\n<fieldset class=\"hidden-fields-container\"><input type=\"hidden\" name=\"_wpcf7\" value=\"1477\" \/><input type=\"hidden\" name=\"_wpcf7_version\" value=\"6.1.5\" \/><input type=\"hidden\" name=\"_wpcf7_locale\" value=\"fr_FR\" \/><input type=\"hidden\" name=\"_wpcf7_unit_tag\" value=\"wpcf7-f1477-o1\" \/><input type=\"hidden\" name=\"_wpcf7_container_post\" value=\"0\" \/><input type=\"hidden\" name=\"_wpcf7_posted_data_hash\" value=\"\" \/><input type=\"hidden\" name=\"_wpcf7_recaptcha_response\" value=\"\" \/>\n<\/fieldset>\n<div id=\"formulario-contacto\">\n<input class=\"wpcf7-form-control wpcf7-hidden\" value=\"1450711178\" type=\"hidden\" name=\"mediareference\" \/>\n<input class=\"wpcf7-form-control wpcf7-hidden\" value=\"1713123940\" type=\"hidden\" name=\"programid\" \/>\n\t<p><span class=\"wpcf7-form-control-wrap\" data-name=\"nombre\"><input size=\"40\" maxlength=\"400\" class=\"wpcf7-form-control wpcf7-text wpcf7-validates-as-required input_formulario\" aria-required=\"true\" aria-invalid=\"false\" placeholder=\"Nom*\" value=\"\" type=\"text\" name=\"nombre\" \/><\/span><br \/>\n<span class=\"wpcf7-form-control-wrap\" data-name=\"apellidos\"><input size=\"40\" maxlength=\"400\" class=\"wpcf7-form-control wpcf7-text wpcf7-validates-as-required input_formulario\" aria-required=\"true\" aria-invalid=\"false\" placeholder=\"Nom de famille*\" value=\"\" type=\"text\" name=\"apellidos\" \/><\/span><br \/>\n<span class=\"wpcf7-form-control-wrap\" data-name=\"email\"><input size=\"40\" maxlength=\"400\" class=\"wpcf7-form-control wpcf7-email wpcf7-validates-as-required wpcf7-text wpcf7-validates-as-email input_formulario\" aria-required=\"true\" aria-invalid=\"false\" placeholder=\"E-mail*\" value=\"\" type=\"email\" name=\"email\" \/><\/span><br \/>\n<span class=\"wpcf7-form-control-wrap telefono_internacional\"><input class=\"wpcf7-form-control wpcf7-intl_tel wpcf7-validates-as-required wpcf7-intl-tel input_telefono_internacional\" aria-required=\"true\" aria-invalid=\"false\" placeholder=\"T\u00e9l\u00e9phone de contact*\" value=\"\" type=\"tel\" name=\"telefono_internacional-cf7it-national\" \/><input name=\"telefono_internacional\" type=\"hidden\" class=\"wpcf7-intl-tel-full\" \/><input type=\"hidden\" name=\"telefono_internacional-cf7it-country-name\" class=\"wpcf7-intl-tel-country-name\" \/><input type=\"hidden\" name=\"telefono_internacional-cf7it-country-code\" class=\"wpcf7-intl-tel-country-code\" \/><input type=\"hidden\" name=\"telefono_internacional-cf7it-country-iso2\" class=\"wpcf7-intl-tel-country-iso2\" \/><\/span><br \/>\n<span class=\"wpcf7-form-control-wrap\" data-name=\"consulta\"><textarea cols=\"40\" rows=\"10\" maxlength=\"2000\" class=\"wpcf7-form-control wpcf7-textarea wpcf7-validates-as-required input_formulario_area\" aria-required=\"true\" aria-invalid=\"false\" placeholder=\"Voulez-vous nous demander quelque chose?*\" name=\"consulta\"><\/textarea><\/span><br \/>\n<span style=\"font-size:12px; line-height:1!important;\">The data controller of the personal data provided through the contact form is mercantil QIP MEDITERR\u00c1NEO HOME PROJECTS, S.L.U. (ISEA CALMA), who has a legitimate interest in processing them for the purpose of replying to questions asked therein. Service providers of ISEA CALMA can access your personal data. They have the right to access, rectify and delete your data, as well as other rights, as explained in the additional information on privacy.<br \/>\n<\/span><br \/>\n<span style=\"font-size:12px;\"><span class=\"wpcf7-form-control-wrap\" data-name=\"consentimiento\"><span class=\"wpcf7-form-control wpcf7-checkbox\"><span class=\"wpcf7-list-item first last\"><input type=\"checkbox\" name=\"consentimiento[]\" value=\"J\u2019accepte de recevoir des offres de produits et services en lien avec ceux que j\u2019ai sollicit\u00e9s et destin\u00e9s \u00e0 me fid\u00e9liser en tant que client\" \/><span class=\"wpcf7-list-item-label\">J\u2019accepte de recevoir des offres de produits et services en lien avec ceux que j\u2019ai sollicit\u00e9s et destin\u00e9s \u00e0 me fid\u00e9liser en tant que client<\/span><\/span><\/span><\/span><\/span>\n\t<\/p>\n\t<table width=\"100%\" style=\"font-size:0.9em!important;\">\n\t\t<tr>\n\t\t\t<td valign=\"bottom\" width=\"20\" align=\"left\">\n\t\t\t\t<p><span class=\"wpcf7-form-control-wrap\" data-name=\"acepto-legal-privacidad\"><span class=\"wpcf7-form-control wpcf7-acceptance\"><span class=\"wpcf7-list-item\"><input type=\"checkbox\" name=\"acepto-legal-privacidad\" value=\"1\" aria-invalid=\"false\" \/><\/span><\/span><\/span>\n\t\t\t\t<\/p>\n\t\t\t<\/td>\n\t\t\t<td valign=\"bottom\" align=\"left\" style=\"padding-right:30px; font-size:12px;\">\n\t\t\t\t<p>J\u2019ai lu et j\u2019accepte les <a href=\"https:\/\/dev.iseacalma.com\/aviso-legal\/\" target=\"_blank\"><u>mentions l\u00e9gales<\/u><\/a> et la <a href=\"https:\/\/dev.iseacalma.com\/aviso-legal\/\" target=\"_blank\"><u>politique de confidentialit\u00e9<\/u><\/a>.\n\t\t\t\t<\/p>\n\t\t\t<\/td>\n\t\t<\/tr>\n\t<\/table>\n\t<p><input class=\"wpcf7-form-control wpcf7-submit has-spinner enviar\" id=\"form-ES\" type=\"submit\" value=\"Envoyer\" \/>\n\t<\/p>\n<\/div><input type='hidden' class='wpcf7-pum' value='{\"closepopup\":false,\"closedelay\":0,\"openpopup\":false,\"openpopup_id\":0}' \/><div class=\"wpcf7-response-output\" aria-hidden=\"true\"><\/div>\n<\/form>\n<\/div>\n<\/div>        <\/div>\n    <\/div>\n<\/section>\n<section class=\"section swatch-white mostrar-solo-movil section-text-no-shadow section-inner-no-shadow section-normal section-opaque\"  data-label=\"\">\n    \n    <div class=\"background-overlay grid-overlay-0 \" style=\"background-color: rgba(0,0,0,0);\"><\/div>\n\n    <div class=\"container-fullwidth\">\n        <div class=\"row vertical-top\">\n            <div class=\"col-md-12     text-default small-screen-default\"  ><div class=\"figure  element-no-top element-no-bottom image-filter-none image-filter-onhover fade-in text-center figcaption-middle fullwidth\" data-os-animation=\"none\" data-os-animation-delay=\"0s\">\n            <a href=\"https:\/\/iseacalma.com\/wp-content\/uploads\/2021\/07\/mb-oficina.jpg\" class=\"figure-image magnific image-all\" data-links=\"\" target=\"_self\">\n    \n    <img decoding=\"async\" src=\"https:\/\/iseacalma.com\/wp-content\/uploads\/2021\/07\/mb-oficina.jpg\"   class=\"fullwidth\" \/>        <div class=\"figure-overlay grid-overlay-0\">\n        <div class=\"figure-overlay-container\">\n                            <span class=\"figure-icon\">\n                    <svg version=\"1.1\" xmlns=\"http:\/\/www.w3.org\/2000\/svg\" xmlns:xlink=\"http:\/\/www.w3.org\/1999\/xlink\" viewBox=\"0 0 100 100\"  preserveaspectratio=\"none\">\n<g>\n\n        <line display=\"inline\" fill=\"none\"  stroke-width=\"1\" stroke-miterlimit=\"10\" x1=\"50.941\" y1=\"34.953\" x2=\"50.941\" y2=\"65.047\"\/>\n\n        <line display=\"inline\" fill=\"none\" stroke-width=\"1\" stroke-miterlimit=\"10\" x1=\"65.988\" y1=\"50\" x2=\"35.895\" y2=\"50\"\/>\n<\/g>\n<\/svg>\n                <\/span>\n                    <\/div>\n    <\/div>\n    \n            <\/a>\n    \n<\/div><\/div>        <\/div>\n    <\/div>\n<\/section>\n<section class=\"section swatch-white bloquepagina fondo-blanco section-text-no-shadow section-inner-no-shadow section-normal section-opaque\" id=\"02\"  data-label=\"\">\n            <div class=\"background-media\" style=\"background-image: url('https:\/\/iseacalma.com\/wp-content\/uploads\/2021\/06\/bg-row-oficina.jpg'); background-repeat:no-repeat; background-size:cover; background-attachment:no-scroll; background-position: 50% 0%;\" >\n                    <\/div>\n    \n    <div class=\"background-overlay grid-overlay-0 \" style=\"background-color: ;\"><\/div>\n\n    <div class=\"container\">\n        <div class=\"row vertical-middle\">\n            <div class=\"col-md-7     text-default small-screen-default\"  ><\/div><div class=\"col-md-5    fondo-blanco padding-izquierda text-default small-screen-default\"  ><div class=\"divider-wrapper\" style=\"visibility:hidden;background-color:\">\n    <div class=\"visible-xs\" style=\"height:24px;\"><\/div>\n    <div class=\"visible-sm\" style=\"height:24px;\"><\/div>\n    <div class=\"visible-md\" style=\"height:72px;\"><\/div>\n    <div class=\"visible-lg\" style=\"height:72px;\"><\/div>\n<\/div><div class=\"grande element-medium-top element-short-bottom\" data-os-animation=\"none\" data-os-animation-delay=\"0s\">\n    <p>Bureau de vente et d&rsquo;information sur place<\/p>\n<\/div><div class=\"datos-contacto-oficina element-short-top element-medium-bottom\" data-os-animation=\"none\" data-os-animation-delay=\"0s\">\n    <p><strong>+34 667 581 065<\/strong><\/p>\n<p>Calle A<br \/>\nUrbanizaci\u00f3n Isla del Fraile<br \/>\n\u00c1guilas \u2013 Espagne<\/p>\n<p><strong>Horaires<\/strong><br \/>\nDu lundi au vendredi: 10h00 &#8211; 18h00<br \/>\nSamedis et jours f\u00e9ri\u00e9s: 10h00 \u2013 13h00<\/p>\n<\/div><div class=\"divider-wrapper\" style=\"visibility:hidden;background-color:\">\n    <div class=\"visible-xs\" style=\"height:48px;\"><\/div>\n    <div class=\"visible-sm\" style=\"height:48px;\"><\/div>\n    <div class=\"visible-md\" style=\"height:72px;\"><\/div>\n    <div class=\"visible-lg\" style=\"height:72px;\"><\/div>\n<\/div><\/div>        <\/div>\n    <\/div>\n<\/section>\n<section class=\"section swatch-white  section-text-no-shadow section-inner-no-shadow section-normal section-opaque\" id=\"mapa\"  data-label=\"\">\n    \n    <div class=\"background-overlay grid-overlay-0 \" style=\"background-color: rgba(0,0,0,0);\"><\/div>\n\n    <div class=\"container-fullwidth\">\n        <div class=\"row vertical-top\">\n            <div class=\"col-md-12     text-center small-screen-default\"  ><div class=\" element-no-top element-no-bottom\" data-os-animation=\"none\" data-os-animation-delay=\"0s\">\n    <p><style type=\"text\/css\" id=\"umsMapStyles_2_15201\">\r\n    #ultimate_maps_2_15201 {\r\n        width: 100%;\r\n        height: 400px;\r\n                border: 0px solid ;\r\n        margin: 0px;\r\n    }\r\n    #mapsControlsNum_2_15201 {\r\n        width:100%    }\r\n    .umsMapDetailsContainer#umsMapDetailsContainer_2_15201 {\r\n        height:400px;\r\n    }\r\n    .ums_MapPreview#ultimate_maps_2_15201 {\r\n        \/*position:absolute;*\/\r\n        width:100%;\r\n    }\r\n    #mapConElem_2_15201{\r\n        width:100%    }\r\n    <\/style><div class=\"ums_map_opts\" id=\"mapConElem_2_15201\" data-id=\"2\" data-view-id=\"2_15201\" > <div class=\"umsMapDetailsContainer\" id=\"umsMapDetailsContainer_2_15201\"> <i class=\"umsKMLLayersPreloader fa fa-spinner fa-spin\" aria-hidden=\"true\" style=\"display: none;\"><\/i> <div class=\"ums_MapPreview \" id=\"ultimate_maps_2_15201\"><\/div> <\/div> <div class=\"umsMapMarkerFilters\" id=\"umsMapMarkerFilters_2_15201\"> <\/div> <div class=\"umsMapProControlsCon\" id=\"umsMapProControlsCon_2_15201\"> <a title=\"Google Map Plugin\" style=\"display:none;\" href=\"https:\/\/supsystic.com\/plugins\/google-maps-plugin\/?utm_medium=love_link_hide\" target=\"_blank\">Google Map Plugin<\/a><div style=\"clear: both;\"><\/div> <\/div> <div class=\"umsMapProDirectionsCon\" id=\"umsMapProDirectionsCon_2_15201\" > <\/div> <div class=\"umsMapProKmlFilterCon\" id=\"umsMapProKmlFilterCon_2_15201\" > <\/div> <div class=\"umsSocialSharingShell umsSocialSharingShell_2_15201\"> <\/div> <div style=\"clear: both;\"><\/div> <\/div>\n<\/div><\/div>        <\/div>\n    <\/div>\n<\/section>\n<section class=\"section swatch-white  section-text-no-shadow section-inner-no-shadow section-normal section-opaque\"  data-label=\"\">\n    \n    <div class=\"background-overlay grid-overlay-0 \" style=\"background-color: rgba(0,0,0,0);\"><\/div>\n\n    <div class=\"container\">\n        <div class=\"row vertical-top\">\n            <div class=\"col-md-12     text-default small-screen-default\"  ><section class=\"section swatch-pie  section-text-no-shadow section-inner-no-shadow section-normal section-opaque\" id=\"pie\"  data-label=\"\">\n    \n    <div class=\"background-overlay grid-overlay-0 \" style=\"background-color: rgba(0,0,0,0);\"><\/div>\n\n    <div class=\"container\">\n        <div class=\"row vertical-middle\">\n            <div class=\"col-md-2     text-left small-screen-center\"  ><div class=\"figure  element-short-top element-short-bottom image-filter-none image-filter-onhover fade-in text-center figcaption-middle normalwidth\" data-os-animation=\"none\" data-os-animation-delay=\"0s\">\n            <span class=\"figure-image\">\n    \n    <img decoding=\"async\" src=\"https:\/\/iseacalma.com\/wp-content\/uploads\/2021\/05\/logo-qip-gris.png\"   class=\"normalwidth\" \/>    \n            <\/span>\n    \n<\/div><\/div><div class=\"col-md-10     text-right small-screen-center\"  ><div class=\"divider-wrapper\" style=\"visibility:hidden;background-color:\">\n    <div class=\"visible-xs\" style=\"height:0px;\"><\/div>\n    <div class=\"visible-sm\" style=\"height:0px;\"><\/div>\n    <div class=\"visible-md\" style=\"height:30px;\"><\/div>\n    <div class=\"visible-lg\" style=\"height:30px;\"><\/div>\n<\/div>[vc_raw_html]JTNDZGl2JTIwY2xhc3MlM0QlMjJ0ZXh0b3MtcGllJTIyJTNFJTBBJTNDYSUyMGhyZWYlM0QlMjJodHRwcyUzQSUyRiUyRmlzZWFjYWxtYS5jb20lMkZmciUyRmNvbnRhY3QlMkYlMjIlM0VWSVNJVEVaLU5PVVMlM0MlMkZhJTNFJTIwJTdDJTBBJTNDYSUyMGhyZWYlM0QlMjJodHRwcyUzQSUyRiUyRmlzZWFjYWxtYS5jb20lMkZmciUyRmNvbnRhY3QlMkYlMjIlM0VDT05UQUNURVotTk9VUyUzQyUyRmElM0UlMjAlN0MlMEElM0NhJTIwaHJlZiUzRCUyMmh0dHBzJTNBJTJGJTJGaXNlYWNhbG1hLmNvbSUyRmZyJTJGbm91cyUyRiUyMiUzRUNPTVBBR05JRSUzQyUyRmElM0UlMjAlN0MlMEElM0NhJTIwaHJlZiUzRCUyMmh0dHBzJTNBJTJGJTJGaXNlYWNhbG1hLmNvbSUyRmZyJTJGbWVudGlvbnMtbGVnYWxlcyUyRiUyMiUzRUxFR0FMJTNDJTJGYSUzRSUyMCU3QyUwQSUzQ2ElMjBocmVmJTNEJTIyaHR0cHMlM0ElMkYlMkZpc2VhY2FsbWEuY29tJTJGZnIlMkZwb2xpdGlxdWUtc3VyLWxlcy1jb29raWVzJTJGJTIyJTNFQ09PS0lFUyUzQyUyRmElM0UlMjAlN0MlMEElM0NkaXYlMjBjbGFzcyUzRCUyMm1vc3RyYXItc29sby1tb3ZpbCUyMiUzRSUzQyUyRmRpdiUzRSUwQSUzQ2ElMjBocmVmJTNEJTIyaHR0cHMlM0ElMkYlMkZ3d3cuZmFjZWJvb2suY29tJTJGaXNlYWNhbG1hJTJGJTIyJTIwdGFyZ2V0JTNEJTIyX2JsYW5rJTIyJTIwcmVsJTNEJTIybm9vcGVuZXIlMjIlM0UlM0NpJTIwY2xhc3MlM0QlMjJmYSUyMGZhLWZhY2Vib29rJTIyJTNFJUMyJUEwJTNDJTJGaSUzRSUzQyUyRmElM0UlMEElM0NhJTIwaHJlZiUzRCUyMmh0dHBzJTNBJTJGJTJGd3d3LnlvdXR1YmUuY29tJTJGY2hhbm5lbCUyRlVDMEdDWWt6UDlZdUJoTHhYU1RBb1g5QSUyMiUyMHRhcmdldCUzRCUyMl9ibGFuayUyMiUyMHJlbCUzRCUyMm5vb3BlbmVyJTIyJTNFJTNDaSUyMGNsYXNzJTNEJTIyZmElMjBmYS15b3V0dWJlLXBsYXklMjIlM0UlQzIlQTAlM0MlMkZpJTNFJTNDJTJGYSUzRSUwQSUzQ2ElMjBocmVmJTNEJTIyaHR0cHMlM0ElMkYlMkZ3d3cuaW5zdGFncmFtLmNvbSUyRmlzZWEuY2FsbWElMkYlMjIlMjB0YXJnZXQlM0QlMjJfYmxhbmslMjIlMjByZWwlM0QlMjJub29wZW5lciUyMiUzRSUzQ2klMjBjbGFzcyUzRCUyMmZhJTIwZmEtaW5zdGFncmFtJTIyJTNFJUMyJUEwJTNDJTJGaSUzRSUzQyUyRmElM0UlMEElMEElM0MlMkZkaXYlM0U=[\/vc_raw_html]<\/div>        <\/div>\n    <\/div>\n<\/section>\n\n<\/div>        <\/div>\n    <\/div>\n<\/section>\n","protected":false},"excerpt":{"rendered":"R\u00e9veillez-vous avec un ciel bleu clair et une mer rafra\u00eechissante \u00e0 vos pieds. Appelez-nous d\u00e8s maintenant et nous vous informerons sans engagement de cette promotion exclusive +34 667 581 065 Plus d'informations Contact Envoyez-nous un message et nous vous contacterons par les moyens indiqu\u00e9s. The data controller of the personal data provided through the contact","protected":false},"author":6,"featured_media":0,"parent":0,"menu_order":0,"comment_status":"closed","ping_status":"closed","template":"","meta":{"footnotes":""},"class_list":["post-1528","page","type-page","status-publish","hentry"],"_links":{"self":[{"href":"https:\/\/iseacalma.com\/fr\/wp-json\/wp\/v2\/pages\/1528","targetHints":{"allow":["GET"]}}],"collection":[{"href":"https:\/\/iseacalma.com\/fr\/wp-json\/wp\/v2\/pages"}],"about":[{"href":"https:\/\/iseacalma.com\/fr\/wp-json\/wp\/v2\/types\/page"}],"author":[{"embeddable":true,"href":"https:\/\/iseacalma.com\/fr\/wp-json\/wp\/v2\/users\/6"}],"replies":[{"embeddable":true,"href":"https:\/\/iseacalma.com\/fr\/wp-json\/wp\/v2\/comments?post=1528"}],"version-history":[{"count":6,"href":"https:\/\/iseacalma.com\/fr\/wp-json\/wp\/v2\/pages\/1528\/revisions"}],"predecessor-version":[{"id":21303,"href":"https:\/\/iseacalma.com\/fr\/wp-json\/wp\/v2\/pages\/1528\/revisions\/21303"}],"wp:attachment":[{"href":"https:\/\/iseacalma.com\/fr\/wp-json\/wp\/v2\/media?parent=1528"}],"curies":[{"name":"wp","href":"https:\/\/api.w.org\/{rel}","templated":true}]}}